{"id":6,"date":"2018-01-26T17:06:56","date_gmt":"2018-01-26T16:06:56","guid":{"rendered":"https:\/\/granner.org\/?page_id=6"},"modified":"2018-01-26T17:18:44","modified_gmt":"2018-01-26T16:18:44","slug":"startseite","status":"publish","type":"page","link":"https:\/\/granner.org\/","title":{"rendered":"Startseite"},"content":{"rendered":"<p><a href=\"https:\/\/granner.org\/wp-content\/uploads\/P6240005.jpg\" target=\"_blank\" rel=\"noopener\"><img loading=\"lazy\" decoding=\"async\" class=\"alignright wp-image-7\" src=\"https:\/\/granner.org\/wp-content\/uploads\/P6240005-300x225.jpg\" alt=\"\" width=\"480\" height=\"360\" srcset=\"https:\/\/granner.org\/wp-content\/uploads\/P6240005-300x225.jpg 300w, https:\/\/granner.org\/wp-content\/uploads\/P6240005-768x576.jpg 768w, https:\/\/granner.org\/wp-content\/uploads\/P6240005-1024x768.jpg 1024w, https:\/\/granner.org\/wp-content\/uploads\/P6240005-960x720.jpg 960w\" sizes=\"auto, (max-width: 480px) 100vw, 480px\" \/><\/a>Willkommen auf dieser Page!<\/p>\n<p>Sorry zu aller erst, dass es hier nicht wirklich viel Profanes zu finden gibt. Aber wer sich hierher verirrt, der wei\u00df sowieso was er sucht! Leider ist auf dieser Page nicht alles \u00f6ffentlich zug\u00e4nglich, was haupts\u00e4chlich daraus resultiert, dass Copyright in \u00d6sterreich gro\u00df geschrieben wird.<\/p>\n<p>So bin auch ich der Meinung, dass nicht nur materielles, sondern auch geistiges Eigentum sch\u00fctzenswert ist. F\u00fcr wesentliches habe ich mich bem\u00fcht Links zu \u00f6ffentlich freigegebenen Seiten oder Literaturquellen einzuf\u00fcgen. Ist dies auch nicht ausreichend, so kann man mir ja immer noch eine Mail schicken oder selber weiter recherchieren\u2026<\/p>\n<p>Viel Erfolg beim St\u00f6bern<\/p>\n<p>Gerd<\/p>\n<p>&nbsp;<\/p>\n","protected":false},"excerpt":{"rendered":"<p>Willkommen auf dieser Page! Sorry zu aller erst, dass es hier nicht wirklich viel Profanes zu finden gibt. Aber wer sich hierher verirrt, der wei\u00df sowieso was er sucht! Leider ist auf dieser Page nicht alles \u00f6ffentlich zug\u00e4nglich, was haupts\u00e4chlich daraus resultiert, dass Copyright in \u00d6sterreich gro\u00df geschrieben wird. So bin auch ich der Meinung, <a href=\"https:\/\/granner.org\/\" class=\"more-link\">...weiterlesen<span class=\"screen-reader-text\"> \"Startseite\"<\/span><\/a><\/p>\n","protected":false},"author":1,"featured_media":0,"parent":0,"menu_order":0,"comment_status":"closed","ping_status":"closed","template":"","meta":{"footnotes":""},"class_list":["post-6","page","type-page","status-publish","h-entry","hentry","h-as-page"],"_links":{"self":[{"href":"https:\/\/granner.org\/index.php\/wp-json\/wp\/v2\/pages\/6","targetHints":{"allow":["GET"]}}],"collection":[{"href":"https:\/\/granner.org\/index.php\/wp-json\/wp\/v2\/pages"}],"about":[{"href":"https:\/\/granner.org\/index.php\/wp-json\/wp\/v2\/types\/page"}],"author":[{"embeddable":true,"href":"https:\/\/granner.org\/index.php\/wp-json\/wp\/v2\/users\/1"}],"replies":[{"embeddable":true,"href":"https:\/\/granner.org\/index.php\/wp-json\/wp\/v2\/comments?post=6"}],"version-history":[{"count":8,"href":"https:\/\/granner.org\/index.php\/wp-json\/wp\/v2\/pages\/6\/revisions"}],"predecessor-version":[{"id":27,"href":"https:\/\/granner.org\/index.php\/wp-json\/wp\/v2\/pages\/6\/revisions\/27"}],"wp:attachment":[{"href":"https:\/\/granner.org\/index.php\/wp-json\/wp\/v2\/media?parent=6"}],"curies":[{"name":"wp","href":"https:\/\/api.w.org\/{rel}","templated":true}]}}