{"id":32,"date":"2018-01-26T17:21:14","date_gmt":"2018-01-26T16:21:14","guid":{"rendered":"https:\/\/granner.org\/?page_id=32"},"modified":"2018-02-12T19:20:48","modified_gmt":"2018-02-12T18:20:48","slug":"literatur","status":"publish","type":"page","link":"https:\/\/granner.org\/index.php\/literatur\/","title":{"rendered":"Literatur"},"content":{"rendered":"<p><a href=\"https:\/\/granner.org\/wp-content\/uploads\/Literatur-Logo.jpg\" target=\"_blank\" rel=\"noopener\"><img loading=\"lazy\" decoding=\"async\" class=\"alignright wp-image-112\" src=\"https:\/\/granner.org\/wp-content\/uploads\/Literatur-Logo-300x225.jpg\" alt=\"\" width=\"480\" height=\"360\" srcset=\"https:\/\/granner.org\/wp-content\/uploads\/Literatur-Logo-300x225.jpg 300w, https:\/\/granner.org\/wp-content\/uploads\/Literatur-Logo-768x576.jpg 768w, https:\/\/granner.org\/wp-content\/uploads\/Literatur-Logo-1024x768.jpg 1024w, https:\/\/granner.org\/wp-content\/uploads\/Literatur-Logo-960x720.jpg 960w, https:\/\/granner.org\/wp-content\/uploads\/Literatur-Logo.jpg 1600w\" sizes=\"auto, (max-width: 480px) 100vw, 480px\" \/><\/a>Hier finden sich im \u00f6ffentlichen Sektor Links zu B\u00fcchern welch haupts\u00e4chlich auf \"Google-Books\" zu finden und einzusehen sind. Ab und An stehen komplette PDfs als Download bereit. Je nachdem welche B\u00fccher ins Repertoire passen und freigegeben sind.<br \/>\nF\u00fcr den Bereich \"Urheber-Literatur\" ben\u00f6tigt man LogIn &amp; Pass um auf die gesamte Biblio zugreifen zu k\u00f6nnen.<br \/>\nVorab schon mal Sorry, dass diese Zugangsdaten nur an ausgew\u00e4hlte Personen vergeben werden.<br \/>\nGrundlegend findet sich sowieso sehr viel im Internet, und was da nicht erh\u00e4ltlich ist, da wird der Gang in die hiesige Bibliothek nicht erspart bleiben!<\/p>\n","protected":false},"excerpt":{"rendered":"<p>Hier finden sich im \u00f6ffentlichen Sektor Links zu B\u00fcchern welch haupts\u00e4chlich auf \"Google-Books\" zu finden und einzusehen sind. Ab und An stehen komplette PDfs als Download bereit. Je nachdem welche B\u00fccher ins Repertoire passen und freigegeben sind. F\u00fcr den Bereich \"Urheber-Literatur\" ben\u00f6tigt man LogIn &amp; Pass um auf die gesamte Biblio zugreifen zu k\u00f6nnen. Vorab <a href=\"https:\/\/granner.org\/index.php\/literatur\/\" class=\"more-link\">...weiterlesen<span class=\"screen-reader-text\"> \"Literatur\"<\/span><\/a><\/p>\n","protected":false},"author":1,"featured_media":0,"parent":0,"menu_order":0,"comment_status":"closed","ping_status":"closed","template":"","meta":{"footnotes":""},"class_list":["post-32","page","type-page","status-publish","h-entry","hentry","h-as-page"],"_links":{"self":[{"href":"https:\/\/granner.org\/index.php\/wp-json\/wp\/v2\/pages\/32","targetHints":{"allow":["GET"]}}],"collection":[{"href":"https:\/\/granner.org\/index.php\/wp-json\/wp\/v2\/pages"}],"about":[{"href":"https:\/\/granner.org\/index.php\/wp-json\/wp\/v2\/types\/page"}],"author":[{"embeddable":true,"href":"https:\/\/granner.org\/index.php\/wp-json\/wp\/v2\/users\/1"}],"replies":[{"embeddable":true,"href":"https:\/\/granner.org\/index.php\/wp-json\/wp\/v2\/comments?post=32"}],"version-history":[{"count":5,"href":"https:\/\/granner.org\/index.php\/wp-json\/wp\/v2\/pages\/32\/revisions"}],"predecessor-version":[{"id":113,"href":"https:\/\/granner.org\/index.php\/wp-json\/wp\/v2\/pages\/32\/revisions\/113"}],"wp:attachment":[{"href":"https:\/\/granner.org\/index.php\/wp-json\/wp\/v2\/media?parent=32"}],"curies":[{"name":"wp","href":"https:\/\/api.w.org\/{rel}","templated":true}]}}