{"id":30,"date":"2018-01-26T17:20:53","date_gmt":"2018-01-26T16:20:53","guid":{"rendered":"https:\/\/granner.org\/?page_id=30"},"modified":"2018-03-09T21:59:39","modified_gmt":"2018-03-09T20:59:39","slug":"kunst","status":"publish","type":"page","link":"https:\/\/granner.org\/index.php\/kunst\/","title":{"rendered":"Kunst"},"content":{"rendered":"<figure id=\"attachment_103\" aria-describedby=\"caption-attachment-103\" style=\"width: 480px\" class=\"wp-caption alignright\"><a href=\"https:\/\/granner.org\/wp-content\/uploads\/Margit1.jpg\" rel=\"noopener\"><img loading=\"lazy\" decoding=\"async\" class=\"wp-image-103\" src=\"https:\/\/granner.org\/wp-content\/uploads\/Margit1-231x300.jpg\" alt=\"\" width=\"480\" height=\"622\" srcset=\"https:\/\/granner.org\/wp-content\/uploads\/Margit1-231x300.jpg 231w, https:\/\/granner.org\/wp-content\/uploads\/Margit1.jpg 600w\" sizes=\"auto, (max-width: 480px) 100vw, 480px\" \/><\/a><figcaption id=\"caption-attachment-103\" class=\"wp-caption-text\">Frau Doktor<\/figcaption><\/figure>\n<p>Grundlegend h\u00e4tte ich mich in meinem Studium ausf\u00fchrlich mit dem Thema \"Akademische Malerei\" besch\u00e4ftigt. Ich bin jedoch zu der Erkenntnis gekommen, dass ich im Gegensatz zu wahren Kapazundern, wie Rembrandt oder Rubens, ausschlie\u00dflich klexe &amp; tupfe.<br \/>\nHier sind ein paar praktische Anleitungen und Hilfestellungen zu finden. Ein \u00dcberfluss an Werke und Texte werden hier wohl auch in Zukunft nicht anzutreffen sein, aber ich bem\u00fche mich so weit wie m\u00f6glich!<\/p>\n<figure id=\"attachment_149\" aria-describedby=\"caption-attachment-149\" style=\"width: 198px\" class=\"wp-caption alignleft\"><a href=\"https:\/\/granner.org\/wp-content\/uploads\/gaviota-Die-M\u00f6ve.jpg\"><img loading=\"lazy\" decoding=\"async\" class=\"wp-image-149\" src=\"https:\/\/granner.org\/wp-content\/uploads\/gaviota-Die-M\u00f6ve-237x300.jpg\" alt=\"\" width=\"198\" height=\"250\" srcset=\"https:\/\/granner.org\/wp-content\/uploads\/gaviota-Die-M\u00f6ve-237x300.jpg 237w, https:\/\/granner.org\/wp-content\/uploads\/gaviota-Die-M\u00f6ve-768x972.jpg 768w, https:\/\/granner.org\/wp-content\/uploads\/gaviota-Die-M\u00f6ve-809x1024.jpg 809w, https:\/\/granner.org\/wp-content\/uploads\/gaviota-Die-M\u00f6ve-960x1215.jpg 960w, https:\/\/granner.org\/wp-content\/uploads\/gaviota-Die-M\u00f6ve.jpg 1448w\" sizes=\"auto, (max-width: 198px) 100vw, 198px\" \/><\/a><figcaption id=\"caption-attachment-149\" class=\"wp-caption-text\">Die M\u00f6ve<\/figcaption><\/figure>\n<figure id=\"attachment_148\" aria-describedby=\"caption-attachment-148\" style=\"width: 208px\" class=\"wp-caption alignleft\"><a href=\"https:\/\/granner.org\/wp-content\/uploads\/cansado-m\u00fcde.jpg\"><img loading=\"lazy\" decoding=\"async\" class=\"wp-image-148\" src=\"https:\/\/granner.org\/wp-content\/uploads\/cansado-m\u00fcde-249x300.jpg\" alt=\"\" width=\"208\" height=\"250\" srcset=\"https:\/\/granner.org\/wp-content\/uploads\/cansado-m\u00fcde-249x300.jpg 249w, https:\/\/granner.org\/wp-content\/uploads\/cansado-m\u00fcde-768x924.jpg 768w, https:\/\/granner.org\/wp-content\/uploads\/cansado-m\u00fcde-851x1024.jpg 851w, https:\/\/granner.org\/wp-content\/uploads\/cansado-m\u00fcde-960x1155.jpg 960w, https:\/\/granner.org\/wp-content\/uploads\/cansado-m\u00fcde.jpg 1410w\" sizes=\"auto, (max-width: 208px) 100vw, 208px\" \/><\/a><figcaption id=\"caption-attachment-148\" class=\"wp-caption-text\">M\u00fcde<\/figcaption><\/figure>\n<p>&nbsp;<\/p>\n<p>&nbsp;<\/p>\n<figure id=\"attachment_150\" aria-describedby=\"caption-attachment-150\" style=\"width: 432px\" class=\"wp-caption alignleft\"><a href=\"https:\/\/granner.org\/wp-content\/uploads\/tiempo-de-pesca-Zeit-zum-Fischen.jpg\"><img loading=\"lazy\" decoding=\"async\" class=\"wp-image-150\" src=\"https:\/\/granner.org\/wp-content\/uploads\/tiempo-de-pesca-Zeit-zum-Fischen.jpg\" alt=\"\" width=\"432\" height=\"350\" srcset=\"https:\/\/granner.org\/wp-content\/uploads\/tiempo-de-pesca-Zeit-zum-Fischen.jpg 1720w, https:\/\/granner.org\/wp-content\/uploads\/tiempo-de-pesca-Zeit-zum-Fischen-300x243.jpg 300w, https:\/\/granner.org\/wp-content\/uploads\/tiempo-de-pesca-Zeit-zum-Fischen-768x623.jpg 768w, https:\/\/granner.org\/wp-content\/uploads\/tiempo-de-pesca-Zeit-zum-Fischen-1024x831.jpg 1024w, https:\/\/granner.org\/wp-content\/uploads\/tiempo-de-pesca-Zeit-zum-Fischen-960x779.jpg 960w\" sizes=\"auto, (max-width: 432px) 100vw, 432px\" \/><\/a><figcaption id=\"caption-attachment-150\" class=\"wp-caption-text\">Zeit zum Fischen<\/figcaption><\/figure>\n<figure id=\"attachment_153\" aria-describedby=\"caption-attachment-153\" style=\"width: 467px\" class=\"wp-caption alignleft\"><a href=\"https:\/\/granner.org\/wp-content\/uploads\/\u00d6l-auf-Leinen-Sir-Pepe.jpg\"><img loading=\"lazy\" decoding=\"async\" class=\"wp-image-153\" src=\"https:\/\/granner.org\/wp-content\/uploads\/\u00d6l-auf-Leinen-Sir-Pepe.jpg\" alt=\"\" width=\"467\" height=\"350\" srcset=\"https:\/\/granner.org\/wp-content\/uploads\/\u00d6l-auf-Leinen-Sir-Pepe.jpg 3648w, https:\/\/granner.org\/wp-content\/uploads\/\u00d6l-auf-Leinen-Sir-Pepe-300x225.jpg 300w, https:\/\/granner.org\/wp-content\/uploads\/\u00d6l-auf-Leinen-Sir-Pepe-768x576.jpg 768w, https:\/\/granner.org\/wp-content\/uploads\/\u00d6l-auf-Leinen-Sir-Pepe-1024x768.jpg 1024w, https:\/\/granner.org\/wp-content\/uploads\/\u00d6l-auf-Leinen-Sir-Pepe-960x720.jpg 960w\" sizes=\"auto, (max-width: 467px) 100vw, 467px\" \/><\/a><figcaption id=\"caption-attachment-153\" class=\"wp-caption-text\">Sir Pepe<\/figcaption><\/figure>\n","protected":false},"excerpt":{"rendered":"<p>Grundlegend h\u00e4tte ich mich in meinem Studium ausf\u00fchrlich mit dem Thema \"Akademische Malerei\" besch\u00e4ftigt. Ich bin jedoch zu der Erkenntnis gekommen, dass ich im Gegensatz zu wahren Kapazundern, wie Rembrandt oder Rubens, ausschlie\u00dflich klexe &amp; tupfe. Hier sind ein paar praktische Anleitungen und Hilfestellungen zu finden. Ein \u00dcberfluss an Werke und Texte werden hier wohl <a href=\"https:\/\/granner.org\/index.php\/kunst\/\" class=\"more-link\">...weiterlesen<span class=\"screen-reader-text\"> \"Kunst\"<\/span><\/a><\/p>\n","protected":false},"author":1,"featured_media":0,"parent":0,"menu_order":0,"comment_status":"closed","ping_status":"closed","template":"","meta":{"footnotes":""},"class_list":["post-30","page","type-page","status-publish","h-entry","hentry","h-as-page"],"_links":{"self":[{"href":"https:\/\/granner.org\/index.php\/wp-json\/wp\/v2\/pages\/30","targetHints":{"allow":["GET"]}}],"collection":[{"href":"https:\/\/granner.org\/index.php\/wp-json\/wp\/v2\/pages"}],"about":[{"href":"https:\/\/granner.org\/index.php\/wp-json\/wp\/v2\/types\/page"}],"author":[{"embeddable":true,"href":"https:\/\/granner.org\/index.php\/wp-json\/wp\/v2\/users\/1"}],"replies":[{"embeddable":true,"href":"https:\/\/granner.org\/index.php\/wp-json\/wp\/v2\/comments?post=30"}],"version-history":[{"count":18,"href":"https:\/\/granner.org\/index.php\/wp-json\/wp\/v2\/pages\/30\/revisions"}],"predecessor-version":[{"id":163,"href":"https:\/\/granner.org\/index.php\/wp-json\/wp\/v2\/pages\/30\/revisions\/163"}],"wp:attachment":[{"href":"https:\/\/granner.org\/index.php\/wp-json\/wp\/v2\/media?parent=30"}],"curies":[{"name":"wp","href":"https:\/\/api.w.org\/{rel}","templated":true}]}}