{"id":28,"date":"2018-01-26T17:20:30","date_gmt":"2018-01-26T16:20:30","guid":{"rendered":"https:\/\/granner.org\/?page_id=28"},"modified":"2018-02-27T20:49:34","modified_gmt":"2018-02-27T19:49:34","slug":"chemie","status":"publish","type":"page","link":"https:\/\/granner.org\/index.php\/chemie\/","title":{"rendered":"Chemie"},"content":{"rendered":"<p><a href=\"https:\/\/granner.org\/wp-content\/uploads\/DSC00340_bearbeitet.jpg\" target=\"_blank\" rel=\"noopener\"><img loading=\"lazy\" decoding=\"async\" class=\"alignright wp-image-92\" src=\"https:\/\/granner.org\/wp-content\/uploads\/DSC00340_bearbeitet-280x300.jpg\" alt=\"\" width=\"480\" height=\"514\" srcset=\"https:\/\/granner.org\/wp-content\/uploads\/DSC00340_bearbeitet-280x300.jpg 280w, https:\/\/granner.org\/wp-content\/uploads\/DSC00340_bearbeitet-768x823.jpg 768w, https:\/\/granner.org\/wp-content\/uploads\/DSC00340_bearbeitet-956x1024.jpg 956w, https:\/\/granner.org\/wp-content\/uploads\/DSC00340_bearbeitet-960x1028.jpg 960w, https:\/\/granner.org\/wp-content\/uploads\/DSC00340_bearbeitet.jpg 1535w\" sizes=\"auto, (max-width: 480px) 100vw, 480px\" \/><\/a>Chemie \u2013 Eine Naturwissenschaft f\u00fcr sich!<br \/>\nHier findest Du Zugang zu meinen Arbeiten genauso wie Verlinkungen welche f\u00fcr eine wertsch\u00f6pfende Recherche zielf\u00fchrend sein k\u00f6nnen; nat\u00fcrlich nur in diesem Fachbereich.<br \/>\nWie bei allen Arbeiten k\u00f6nnen auch die Meinen nur Einblicke in mein Spezialgebiet geben. Die Chemie ist an sich durchaus eine Nuance umfangreicher, als ich mit meinen Texten erarbeiten und beschreiben kann.<\/p>\n<p><a href=\"https:\/\/granner.org\/wp-content\/uploads\/poster_mainz_180210.ppt\" target=\"_blank\" rel=\"noopener\">Poster Mainz.ppt<\/a><\/p>\n","protected":false},"excerpt":{"rendered":"<p>Chemie \u2013 Eine Naturwissenschaft f\u00fcr sich! Hier findest Du Zugang zu meinen Arbeiten genauso wie Verlinkungen welche f\u00fcr eine wertsch\u00f6pfende Recherche zielf\u00fchrend sein k\u00f6nnen; nat\u00fcrlich nur in diesem Fachbereich. Wie bei allen Arbeiten k\u00f6nnen auch die Meinen nur Einblicke in mein Spezialgebiet geben. Die Chemie ist an sich durchaus eine Nuance umfangreicher, als ich mit <a href=\"https:\/\/granner.org\/index.php\/chemie\/\" class=\"more-link\">...weiterlesen<span class=\"screen-reader-text\"> \"Chemie\"<\/span><\/a><\/p>\n","protected":false},"author":1,"featured_media":0,"parent":0,"menu_order":0,"comment_status":"closed","ping_status":"closed","template":"","meta":{"footnotes":""},"class_list":["post-28","page","type-page","status-publish","h-entry","hentry","h-as-page"],"_links":{"self":[{"href":"https:\/\/granner.org\/index.php\/wp-json\/wp\/v2\/pages\/28","targetHints":{"allow":["GET"]}}],"collection":[{"href":"https:\/\/granner.org\/index.php\/wp-json\/wp\/v2\/pages"}],"about":[{"href":"https:\/\/granner.org\/index.php\/wp-json\/wp\/v2\/types\/page"}],"author":[{"embeddable":true,"href":"https:\/\/granner.org\/index.php\/wp-json\/wp\/v2\/users\/1"}],"replies":[{"embeddable":true,"href":"https:\/\/granner.org\/index.php\/wp-json\/wp\/v2\/comments?post=28"}],"version-history":[{"count":6,"href":"https:\/\/granner.org\/index.php\/wp-json\/wp\/v2\/pages\/28\/revisions"}],"predecessor-version":[{"id":127,"href":"https:\/\/granner.org\/index.php\/wp-json\/wp\/v2\/pages\/28\/revisions\/127"}],"wp:attachment":[{"href":"https:\/\/granner.org\/index.php\/wp-json\/wp\/v2\/media?parent=28"}],"curies":[{"name":"wp","href":"https:\/\/api.w.org\/{rel}","templated":true}]}}